{"id":22728,"date":"2022-09-09T11:06:36","date_gmt":"2022-09-09T04:06:36","guid":{"rendered":"https:\/\/pushclimbing.vn\/?post_type=product&#038;p=22728"},"modified":"2025-03-19T09:53:20","modified_gmt":"2025-03-19T02:53:20","slug":"mad-rock-triple","status":"publish","type":"product","link":"https:\/\/pushclimbing.vn\/vi\/san-pham\/mad-rock-triple\/","title":{"rendered":"Mad Rock Tripple Mad"},"content":{"rendered":"<div class=\"fusion-fullwidth fullwidth-box fusion-builder-row-1 fusion-flex-container nonhundred-percent-fullwidth non-hundred-percent-height-scrolling\" style=\"--awb-border-radius-top-left:0px;--awb-border-radius-top-right:0px;--awb-border-radius-bottom-right:0px;--awb-border-radius-bottom-left:0px;--awb-flex-wrap:wrap;\" ><div class=\"fusion-builder-row fusion-row fusion-flex-align-items-flex-start fusion-flex-content-wrap\" style=\"max-width:1216.8px;margin-left: calc(-4% \/ 2 );margin-right: calc(-4% \/ 2 );\"><div class=\"fusion-layout-column fusion_builder_column fusion-builder-column-0 fusion_builder_column_1_1 1_1 fusion-flex-column\" style=\"--awb-bg-size:cover;--awb-width-large:100%;--awb-margin-top-large:0px;--awb-spacing-right-large:1.92%;--awb-margin-bottom-large:0px;--awb-spacing-left-large:1.92%;--awb-width-medium:100%;--awb-spacing-right-medium:1.92%;--awb-spacing-left-medium:1.92%;--awb-width-small:100%;--awb-spacing-right-small:1.92%;--awb-spacing-left-small:1.92%;\"><div class=\"fusion-column-wrapper fusion-flex-justify-content-flex-start fusion-content-layout-column\"><div class=\"fusion-text fusion-text-1\"><p><strong>M\u00f4 T\u1ea3 K\u1ef9 Thu\u1eadt<\/strong><br \/>\nK\u00edch th\u01b0\u1edbc m\u1edf: 183 cm x 112 cm x 12.7 cm<br \/>\nK\u00edch th\u01b0\u1edbc g\u1ea5p: 61 cm x 112 cm x 38.1 cm<br \/>\nTr\u1ecdng l\u01b0\u1ee3ng: 10.9 kg<\/p>\n<hr \/>\n<p><strong>Th\u00f4ng s\u1ed1 k\u1ef9 thu\u1eadt<\/strong><br \/>\nK\u00edch th\u01b0\u1edbc m\u1edf: 183 cm x 112 cm x 12.7 cm<br \/>\nK\u00edch th\u01b0\u1edbc g\u1ea5p: 61 cm x 112 cm x 38.1 cm<br \/>\nTr\u1ecdng l\u01b0\u1ee3ng: 10.9 kg<\/p>\n<\/div><\/div><\/div><\/div><\/div>","protected":false},"excerpt":{"rendered":"<p>H\u00e3y c\u1ea3nh b\u00e1o b\u1ea1n b\u00e8 \u1edf \u0111\u00e1 \u0111\u1ec3 l\u00f9i l\u1ea1i tr\u01b0\u1edbc khi b\u1ea1n m\u1edf Chi\u1ebfc Th\u1ea3m Leo N\u00fai Triple Mad Pad. V\u1edbi k\u00edch th\u01b0\u1edbc 44\u2033 x 72\u2033 (111,7 x 182.9 cm), th\u1ea3m n\u00e0y l\u00e0 m\u1eabu l\u1edbn nh\u1ea5t tr\u00ean th\u1ecb tr\u01b0\u1eddng. Gi\u1ed1ng nh\u01b0 Mad Pad th\u00f4ng th\u01b0\u1eddng, n\u0103m inch c\u1ee7a m\u00fat m\u1edf v\u00e0 k\u00edn gi\u1eef cho b\u1ea1n khi r\u01a1i xu\u1ed1ng, nh\u01b0ng m\u1ee5c ti\u00eau c\u1ee7a b\u1ea1n c\u00f3 th\u1ec3 h\u01a1i l\u1ec7ch v\u00ec c\u00f3 \u0111\u1ee7 kh\u00f4ng gian \u0111\u00e1p. B\u1ea1n v\u00e0 b\u1ea1n b\u00e8 c\u1ee7a b\u1ea1n c\u00f3 th\u1ec3 t\u1ef1 do th\u01b0 gi\u00e3n v\u00e0 th\u01b0\u1edfng th\u1ee9c b\u1eefa tr\u01b0a v\u0103n minh tr\u00ean b\u0103ng gh\u1ebf d\u00e0i to\u00e0n k\u00edch c\u1ee1. Khi vi\u1ec7c leo n\u00fai k\u1ebft th\u00fac, \u0111\u00f3 l\u00e0 chi\u1ebfc n\u1ec7m ho\u00e0n h\u1ea3o \u0111\u1ec3 \u0111\u1eb7t sau gh\u1ebf l\u00e1i \u0111\u1ec3 ng\u1eafm sao ho\u1eb7c n\u1eb1m th\u01b0 gi\u00e3n tr\u01b0\u1edbc khi b\u1eaft \u0111\u1ea7u leo n\u00fai s\u00e1ng s\u1edbm.<\/p>\n<hr \/>\n<p>H\u00e3y c\u1ea3nh b\u00e1o b\u1ea1n b\u00e8 \u1edf \u0111\u00e1 \u0111\u1ec3 l\u00f9i l\u1ea1i tr\u01b0\u1edbc khi b\u1ea1n m\u1edf Chi\u1ebfc Th\u1ea3m Leo N\u00fai Triple Mad Pad. V\u1edbi k\u00edch th\u01b0\u1edbc 44&#8243; x 72&#8243; (111,7 x 182.9 cm), th\u1ea3m n\u00e0y l\u00e0 m\u1eabu l\u1edbn nh\u1ea5t tr\u00ean th\u1ecb tr\u01b0\u1eddng. Gi\u1ed1ng nh\u01b0 Mad Pad th\u00f4ng th\u01b0\u1eddng, n\u0103m inch c\u1ee7a m\u00fat m\u1edf v\u00e0 k\u00edn gi\u1eef cho b\u1ea1n khi r\u01a1i xu\u1ed1ng, nh\u01b0ng m\u1ee5c ti\u00eau c\u1ee7a b\u1ea1n c\u00f3 th\u1ec3 h\u01a1i l\u1ec7ch v\u00ec c\u00f3 \u0111\u1ee7 kh\u00f4ng gian \u0111\u00e1p. B\u1ea1n v\u00e0 b\u1ea1n b\u00e8 c\u1ee7a b\u1ea1n c\u00f3 th\u1ec3 t\u1ef1 do th\u01b0 gi\u00e3n v\u00e0 th\u01b0\u1edfng th\u1ee9c b\u1eefa tr\u01b0a v\u0103n minh tr\u00ean b\u0103ng gh\u1ebf d\u00e0i to\u00e0n k\u00edch c\u1ee1. Khi vi\u1ec7c leo n\u00fai k\u1ebft th\u00fac, \u0111\u00f3 l\u00e0 chi\u1ebfc n\u1ec7m ho\u00e0n h\u1ea3o \u0111\u1ec3 \u0111\u1eb7t sau gh\u1ebf l\u00e1i \u0111\u1ec3 ng\u1eafm sao ho\u1eb7c n\u1eb1m th\u01b0 gi\u00e3n tr\u01b0\u1edbc khi b\u1eaft \u0111\u1ea7u leo n\u00fai s\u00e1ng s\u1edbm.<\/p>","protected":false},"featured_media":27655,"comment_status":"open","ping_status":"closed","template":"","meta":{"_acf_changed":false},"product_brand":[1007],"product_cat":[966],"product_tag":[34,458,459],"class_list":{"0":"post-22728","1":"product","2":"type-product","3":"status-publish","4":"has-post-thumbnail","6":"product_brand-madrock","7":"product_cat-new-arrivals","8":"product_tag-crash-pad","9":"product_tag-pad","10":"product_tag-tripple","12":"first","13":"onbackorder","14":"taxable","15":"shipping-taxable","16":"product-type-simple"},"acf":[],"yoast_head":"<!-- This site is optimized with the Yoast SEO plugin v27.3 - https:\/\/yoast.com\/product\/yoast-seo-wordpress\/ -->\n<title>Mad Rock Tripple Mad - Push Climbing<\/title>\n<meta name=\"robots\" content=\"index, follow, max-snippet:-1, max-image-preview:large, max-video-preview:-1\" \/>\n<link rel=\"canonical\" href=\"https:\/\/pushclimbing.vn\/vi\/san-pham\/mad-rock-triple\/\" \/>\n<meta property=\"og:locale\" content=\"vi_VN\" \/>\n<meta property=\"og:type\" content=\"article\" \/>\n<meta property=\"og:title\" content=\"Mad Rock Tripple Mad - Push Climbing\" \/>\n<meta property=\"og:description\" content=\"Warn your friends in the crag to stand back before you open the Triple Mad Pad. At 44&quot; x 72&quot; (111,7 x 182.9 cm) this pad is the biggest on the market. Just like the regular Mad Pad, five inches of open and closed foam cushions your drop, but your aim can be slightly off &#039;cause there&#039;s plenty of landing space. You and your friends can lean back and enjoy a civilized lunch break on the full-sized lounge bench. When the climbing&#039;s done it&#039;s the perfect full mattress to throw in the back of your ride for a night of stargazing or catching z&#039;s before your alpine start.    H\u00e3y c\u1ea3nh b\u00e1o b\u1ea1n b\u00e8 \u1edf \u0111\u00e1 \u0111\u1ec3 l\u00f9i l\u1ea1i tr\u01b0\u1edbc khi b\u1ea1n m\u1edf Chi\u1ebfc Th\u1ea3m Leo N\u00fai Triple Mad Pad. V\u1edbi k\u00edch th\u01b0\u1edbc 44&quot; x 72&quot; (111,7 x 182.9 cm), th\u1ea3m n\u00e0y l\u00e0 m\u1eabu l\u1edbn nh\u1ea5t tr\u00ean th\u1ecb tr\u01b0\u1eddng. Gi\u1ed1ng nh\u01b0 Mad Pad th\u00f4ng th\u01b0\u1eddng, n\u0103m inch c\u1ee7a m\u00fat m\u1edf v\u00e0 k\u00edn gi\u1eef cho b\u1ea1n khi r\u01a1i xu\u1ed1ng, nh\u01b0ng m\u1ee5c ti\u00eau c\u1ee7a b\u1ea1n c\u00f3 th\u1ec3 h\u01a1i l\u1ec7ch v\u00ec c\u00f3 \u0111\u1ee7 kh\u00f4ng gian \u0111\u00e1p. B\u1ea1n v\u00e0 b\u1ea1n b\u00e8 c\u1ee7a b\u1ea1n c\u00f3 th\u1ec3 t\u1ef1 do th\u01b0 gi\u00e3n v\u00e0 th\u01b0\u1edfng th\u1ee9c b\u1eefa tr\u01b0a v\u0103n minh tr\u00ean b\u0103ng gh\u1ebf d\u00e0i to\u00e0n k\u00edch c\u1ee1. Khi vi\u1ec7c leo n\u00fai k\u1ebft th\u00fac, \u0111\u00f3 l\u00e0 chi\u1ebfc n\u1ec7m ho\u00e0n h\u1ea3o \u0111\u1ec3 \u0111\u1eb7t sau gh\u1ebf l\u00e1i \u0111\u1ec3 ng\u1eafm sao ho\u1eb7c n\u1eb1m th\u01b0 gi\u00e3n tr\u01b0\u1edbc khi b\u1eaft \u0111\u1ea7u leo n\u00fai s\u00e1ng s\u1edbm.\" \/>\n<meta property=\"og:url\" content=\"https:\/\/pushclimbing.vn\/vi\/san-pham\/mad-rock-triple\/\" \/>\n<meta property=\"og:site_name\" content=\"Push Climbing\" \/>\n<meta property=\"article:publisher\" content=\"https:\/\/www.facebook.com\/pushrockclimbing\" \/>\n<meta property=\"article:modified_time\" content=\"2025-03-19T02:53:20+00:00\" \/>\n<meta property=\"og:image\" content=\"https:\/\/pushclimbing.vn\/wp-content\/uploads\/2022\/09\/mad-pad.jpg\" \/>\n\t<meta property=\"og:image:width\" content=\"540\" \/>\n\t<meta property=\"og:image:height\" content=\"540\" \/>\n\t<meta property=\"og:image:type\" content=\"image\/jpeg\" \/>\n<meta name=\"twitter:card\" content=\"summary_large_image\" \/>\n<meta name=\"twitter:label1\" content=\"\u01af\u1edbc t\u00ednh th\u1eddi gian \u0111\u1ecdc\" \/>\n\t<meta name=\"twitter:data1\" content=\"1 ph\u00fat\" \/>\n<script type=\"application\/ld+json\" class=\"yoast-schema-graph\">{\"@context\":\"https:\\\/\\\/schema.org\",\"@graph\":[{\"@type\":\"WebPage\",\"@id\":\"https:\\\/\\\/pushclimbing.vn\\\/product\\\/mad-rock-triple\\\/\",\"url\":\"https:\\\/\\\/pushclimbing.vn\\\/product\\\/mad-rock-triple\\\/\",\"name\":\"Mad Rock Tripple Mad - Push Climbing\",\"isPartOf\":{\"@id\":\"https:\\\/\\\/pushclimbing.vn\\\/#website\"},\"primaryImageOfPage\":{\"@id\":\"https:\\\/\\\/pushclimbing.vn\\\/product\\\/mad-rock-triple\\\/#primaryimage\"},\"image\":{\"@id\":\"https:\\\/\\\/pushclimbing.vn\\\/product\\\/mad-rock-triple\\\/#primaryimage\"},\"thumbnailUrl\":\"https:\\\/\\\/pushclimbing.vn\\\/wp-content\\\/uploads\\\/2022\\\/09\\\/mad-pad.jpg\",\"datePublished\":\"2022-09-09T04:06:36+00:00\",\"dateModified\":\"2025-03-19T02:53:20+00:00\",\"breadcrumb\":{\"@id\":\"https:\\\/\\\/pushclimbing.vn\\\/product\\\/mad-rock-triple\\\/#breadcrumb\"},\"inLanguage\":\"vi\",\"potentialAction\":[{\"@type\":\"ReadAction\",\"target\":[\"https:\\\/\\\/pushclimbing.vn\\\/product\\\/mad-rock-triple\\\/\"]}]},{\"@type\":\"ImageObject\",\"inLanguage\":\"vi\",\"@id\":\"https:\\\/\\\/pushclimbing.vn\\\/product\\\/mad-rock-triple\\\/#primaryimage\",\"url\":\"https:\\\/\\\/pushclimbing.vn\\\/wp-content\\\/uploads\\\/2022\\\/09\\\/mad-pad.jpg\",\"contentUrl\":\"https:\\\/\\\/pushclimbing.vn\\\/wp-content\\\/uploads\\\/2022\\\/09\\\/mad-pad.jpg\",\"width\":540,\"height\":540},{\"@type\":\"BreadcrumbList\",\"@id\":\"https:\\\/\\\/pushclimbing.vn\\\/product\\\/mad-rock-triple\\\/#breadcrumb\",\"itemListElement\":[{\"@type\":\"ListItem\",\"position\":1,\"name\":\"Home\",\"item\":\"https:\\\/\\\/pushclimbing.vn\\\/\"},{\"@type\":\"ListItem\",\"position\":2,\"name\":\"Shop\",\"item\":\"https:\\\/\\\/pushclimbing.vn\\\/shop\\\/\"},{\"@type\":\"ListItem\",\"position\":3,\"name\":\"Mad Rock Tripple Mad\"}]},{\"@type\":\"WebSite\",\"@id\":\"https:\\\/\\\/pushclimbing.vn\\\/#website\",\"url\":\"https:\\\/\\\/pushclimbing.vn\\\/\",\"name\":\"Push Climbing\",\"description\":\"Conquer Your Mountain\",\"publisher\":{\"@id\":\"https:\\\/\\\/pushclimbing.vn\\\/#organization\"},\"potentialAction\":[{\"@type\":\"SearchAction\",\"target\":{\"@type\":\"EntryPoint\",\"urlTemplate\":\"https:\\\/\\\/pushclimbing.vn\\\/?s={search_term_string}\"},\"query-input\":{\"@type\":\"PropertyValueSpecification\",\"valueRequired\":true,\"valueName\":\"search_term_string\"}}],\"inLanguage\":\"vi\"},{\"@type\":\"Organization\",\"@id\":\"https:\\\/\\\/pushclimbing.vn\\\/#organization\",\"name\":\"Push Climbing\",\"url\":\"https:\\\/\\\/pushclimbing.vn\\\/\",\"logo\":{\"@type\":\"ImageObject\",\"inLanguage\":\"vi\",\"@id\":\"https:\\\/\\\/pushclimbing.vn\\\/#\\\/schema\\\/logo\\\/image\\\/\",\"url\":\"https:\\\/\\\/pushclimbing.vn\\\/wp-content\\\/uploads\\\/2022\\\/07\\\/push-logo-canvas.png\",\"contentUrl\":\"https:\\\/\\\/pushclimbing.vn\\\/wp-content\\\/uploads\\\/2022\\\/07\\\/push-logo-canvas.png\",\"width\":400,\"height\":400,\"caption\":\"Push Climbing\"},\"image\":{\"@id\":\"https:\\\/\\\/pushclimbing.vn\\\/#\\\/schema\\\/logo\\\/image\\\/\"},\"sameAs\":[\"https:\\\/\\\/www.facebook.com\\\/pushrockclimbing\"]}]}<\/script>\n<!-- \/ Yoast SEO plugin. -->","yoast_head_json":{"title":"Mad Rock Tripple Mad - Push Climbing","robots":{"index":"index","follow":"follow","max-snippet":"max-snippet:-1","max-image-preview":"max-image-preview:large","max-video-preview":"max-video-preview:-1"},"canonical":"https:\/\/pushclimbing.vn\/vi\/san-pham\/mad-rock-triple\/","og_locale":"vi_VN","og_type":"article","og_title":"Mad Rock Tripple Mad - Push Climbing","og_description":"Warn your friends in the crag to stand back before you open the Triple Mad Pad. At 44\" x 72\" (111,7 x 182.9 cm) this pad is the biggest on the market. Just like the regular Mad Pad, five inches of open and closed foam cushions your drop, but your aim can be slightly off 'cause there's plenty of landing space. You and your friends can lean back and enjoy a civilized lunch break on the full-sized lounge bench. When the climbing's done it's the perfect full mattress to throw in the back of your ride for a night of stargazing or catching z's before your alpine start.    H\u00e3y c\u1ea3nh b\u00e1o b\u1ea1n b\u00e8 \u1edf \u0111\u00e1 \u0111\u1ec3 l\u00f9i l\u1ea1i tr\u01b0\u1edbc khi b\u1ea1n m\u1edf Chi\u1ebfc Th\u1ea3m Leo N\u00fai Triple Mad Pad. V\u1edbi k\u00edch th\u01b0\u1edbc 44\" x 72\" (111,7 x 182.9 cm), th\u1ea3m n\u00e0y l\u00e0 m\u1eabu l\u1edbn nh\u1ea5t tr\u00ean th\u1ecb tr\u01b0\u1eddng. Gi\u1ed1ng nh\u01b0 Mad Pad th\u00f4ng th\u01b0\u1eddng, n\u0103m inch c\u1ee7a m\u00fat m\u1edf v\u00e0 k\u00edn gi\u1eef cho b\u1ea1n khi r\u01a1i xu\u1ed1ng, nh\u01b0ng m\u1ee5c ti\u00eau c\u1ee7a b\u1ea1n c\u00f3 th\u1ec3 h\u01a1i l\u1ec7ch v\u00ec c\u00f3 \u0111\u1ee7 kh\u00f4ng gian \u0111\u00e1p. B\u1ea1n v\u00e0 b\u1ea1n b\u00e8 c\u1ee7a b\u1ea1n c\u00f3 th\u1ec3 t\u1ef1 do th\u01b0 gi\u00e3n v\u00e0 th\u01b0\u1edfng th\u1ee9c b\u1eefa tr\u01b0a v\u0103n minh tr\u00ean b\u0103ng gh\u1ebf d\u00e0i to\u00e0n k\u00edch c\u1ee1. Khi vi\u1ec7c leo n\u00fai k\u1ebft th\u00fac, \u0111\u00f3 l\u00e0 chi\u1ebfc n\u1ec7m ho\u00e0n h\u1ea3o \u0111\u1ec3 \u0111\u1eb7t sau gh\u1ebf l\u00e1i \u0111\u1ec3 ng\u1eafm sao ho\u1eb7c n\u1eb1m th\u01b0 gi\u00e3n tr\u01b0\u1edbc khi b\u1eaft \u0111\u1ea7u leo n\u00fai s\u00e1ng s\u1edbm.","og_url":"https:\/\/pushclimbing.vn\/vi\/san-pham\/mad-rock-triple\/","og_site_name":"Push Climbing","article_publisher":"https:\/\/www.facebook.com\/pushrockclimbing","article_modified_time":"2025-03-19T02:53:20+00:00","og_image":[{"width":540,"height":540,"url":"https:\/\/pushclimbing.vn\/wp-content\/uploads\/2022\/09\/mad-pad.jpg","type":"image\/jpeg"}],"twitter_card":"summary_large_image","twitter_misc":{"\u01af\u1edbc t\u00ednh th\u1eddi gian \u0111\u1ecdc":"1 ph\u00fat"},"schema":{"@context":"https:\/\/schema.org","@graph":[{"@type":"WebPage","@id":"https:\/\/pushclimbing.vn\/product\/mad-rock-triple\/","url":"https:\/\/pushclimbing.vn\/product\/mad-rock-triple\/","name":"Mad Rock Tripple Mad - Push Climbing","isPartOf":{"@id":"https:\/\/pushclimbing.vn\/#website"},"primaryImageOfPage":{"@id":"https:\/\/pushclimbing.vn\/product\/mad-rock-triple\/#primaryimage"},"image":{"@id":"https:\/\/pushclimbing.vn\/product\/mad-rock-triple\/#primaryimage"},"thumbnailUrl":"https:\/\/pushclimbing.vn\/wp-content\/uploads\/2022\/09\/mad-pad.jpg","datePublished":"2022-09-09T04:06:36+00:00","dateModified":"2025-03-19T02:53:20+00:00","breadcrumb":{"@id":"https:\/\/pushclimbing.vn\/product\/mad-rock-triple\/#breadcrumb"},"inLanguage":"vi","potentialAction":[{"@type":"ReadAction","target":["https:\/\/pushclimbing.vn\/product\/mad-rock-triple\/"]}]},{"@type":"ImageObject","inLanguage":"vi","@id":"https:\/\/pushclimbing.vn\/product\/mad-rock-triple\/#primaryimage","url":"https:\/\/pushclimbing.vn\/wp-content\/uploads\/2022\/09\/mad-pad.jpg","contentUrl":"https:\/\/pushclimbing.vn\/wp-content\/uploads\/2022\/09\/mad-pad.jpg","width":540,"height":540},{"@type":"BreadcrumbList","@id":"https:\/\/pushclimbing.vn\/product\/mad-rock-triple\/#breadcrumb","itemListElement":[{"@type":"ListItem","position":1,"name":"Home","item":"https:\/\/pushclimbing.vn\/"},{"@type":"ListItem","position":2,"name":"Shop","item":"https:\/\/pushclimbing.vn\/shop\/"},{"@type":"ListItem","position":3,"name":"Mad Rock Tripple Mad"}]},{"@type":"WebSite","@id":"https:\/\/pushclimbing.vn\/#website","url":"https:\/\/pushclimbing.vn\/","name":"Push Climbing","description":"Conquer Your Mountain","publisher":{"@id":"https:\/\/pushclimbing.vn\/#organization"},"potentialAction":[{"@type":"SearchAction","target":{"@type":"EntryPoint","urlTemplate":"https:\/\/pushclimbing.vn\/?s={search_term_string}"},"query-input":{"@type":"PropertyValueSpecification","valueRequired":true,"valueName":"search_term_string"}}],"inLanguage":"vi"},{"@type":"Organization","@id":"https:\/\/pushclimbing.vn\/#organization","name":"Push Climbing","url":"https:\/\/pushclimbing.vn\/","logo":{"@type":"ImageObject","inLanguage":"vi","@id":"https:\/\/pushclimbing.vn\/#\/schema\/logo\/image\/","url":"https:\/\/pushclimbing.vn\/wp-content\/uploads\/2022\/07\/push-logo-canvas.png","contentUrl":"https:\/\/pushclimbing.vn\/wp-content\/uploads\/2022\/07\/push-logo-canvas.png","width":400,"height":400,"caption":"Push Climbing"},"image":{"@id":"https:\/\/pushclimbing.vn\/#\/schema\/logo\/image\/"},"sameAs":["https:\/\/www.facebook.com\/pushrockclimbing"]}]}},"_links":{"self":[{"href":"https:\/\/pushclimbing.vn\/vi\/wp-json\/wp\/v2\/product\/22728","targetHints":{"allow":["GET"]}}],"collection":[{"href":"https:\/\/pushclimbing.vn\/vi\/wp-json\/wp\/v2\/product"}],"about":[{"href":"https:\/\/pushclimbing.vn\/vi\/wp-json\/wp\/v2\/types\/product"}],"replies":[{"embeddable":true,"href":"https:\/\/pushclimbing.vn\/vi\/wp-json\/wp\/v2\/comments?post=22728"}],"wp:featuredmedia":[{"embeddable":true,"href":"https:\/\/pushclimbing.vn\/vi\/wp-json\/wp\/v2\/media\/27655"}],"wp:attachment":[{"href":"https:\/\/pushclimbing.vn\/vi\/wp-json\/wp\/v2\/media?parent=22728"}],"wp:term":[{"taxonomy":"product_brand","embeddable":true,"href":"https:\/\/pushclimbing.vn\/vi\/wp-json\/wp\/v2\/product_brand?post=22728"},{"taxonomy":"product_cat","embeddable":true,"href":"https:\/\/pushclimbing.vn\/vi\/wp-json\/wp\/v2\/product_cat?post=22728"},{"taxonomy":"product_tag","embeddable":true,"href":"https:\/\/pushclimbing.vn\/vi\/wp-json\/wp\/v2\/product_tag?post=22728"}],"curies":[{"name":"wp","href":"https:\/\/api.w.org\/{rel}","templated":true}]}}