{"id":22490,"date":"2022-09-06T10:14:27","date_gmt":"2022-09-06T03:14:27","guid":{"rendered":"https:\/\/pushclimbing.vn\/?post_type=product&#038;p=22490"},"modified":"2025-03-20T10:36:04","modified_gmt":"2025-03-20T03:36:04","slug":"mad-rock-rover","status":"publish","type":"product","link":"https:\/\/pushclimbing.vn\/vi\/san-pham\/mad-rock-rover\/","title":{"rendered":"Mad Rock Rover"},"content":{"rendered":"<div class=\"fusion-fullwidth fullwidth-box fusion-builder-row-1 fusion-flex-container nonhundred-percent-fullwidth non-hundred-percent-height-scrolling\" style=\"--awb-border-radius-top-left:0px;--awb-border-radius-top-right:0px;--awb-border-radius-bottom-right:0px;--awb-border-radius-bottom-left:0px;--awb-flex-wrap:wrap;\" ><div class=\"fusion-builder-row fusion-row fusion-flex-align-items-flex-start fusion-flex-content-wrap\" style=\"max-width:1216.8px;margin-left: calc(-4% \/ 2 );margin-right: calc(-4% \/ 2 );\"><div class=\"fusion-layout-column fusion_builder_column fusion-builder-column-0 fusion_builder_column_1_1 1_1 fusion-flex-column\" style=\"--awb-bg-size:cover;--awb-width-large:100%;--awb-margin-top-large:0px;--awb-spacing-right-large:1.92%;--awb-margin-bottom-large:0px;--awb-spacing-left-large:1.92%;--awb-width-medium:100%;--awb-spacing-right-medium:1.92%;--awb-spacing-left-medium:1.92%;--awb-width-small:100%;--awb-spacing-right-small:1.92%;--awb-spacing-left-small:1.92%;\"><div class=\"fusion-column-wrapper fusion-flex-justify-content-flex-start fusion-content-layout-column\"><div class=\"fusion-text fusion-text-1\"><ul>\n<li>Downturned and twisted profile for power and precision<\/li>\n<li>Stretchy and breathable tongue<\/li>\n<li>Clutch Heel strap to control heel tension<\/li>\n<li>Molded Power Upper with negative texture for durability and friction<\/li>\n<li>Science Friction 3.0 rubber sole<\/li>\n<li>Vegan-Friendly<\/li>\n<\/ul>\n<p><strong>SIZE GUIDE<\/strong><\/p>\n<p><img decoding=\"async\" class=\"lazyload aligncenter wp-image-33167 size-medium\" src=\"data:image\/svg+xml,%3Csvg%20xmlns%3D%27http%3A%2F%2Fwww.w3.org%2F2000%2Fsvg%27%20width%3D%27300%27%20height%3D%27288%27%20viewBox%3D%270%200%20300%20288%27%3E%3Crect%20width%3D%27300%27%20height%3D%27288%27%20fill-opacity%3D%220%22%2F%3E%3C%2Fsvg%3E\" data-orig-src=\"https:\/\/pushclimbing.vn\/wp-content\/uploads\/2025\/02\/Sizing-Chart_480x480_6e795f76-2e0c-4b08-af5a-011f4158557f-300x288.webp\" alt=\"\" width=\"300\" height=\"288\" \/><\/p>\n<p><strong>TECHNICAL DETAILS<\/strong><\/p>\n<ul>\n<li>Stiffness: Soft<\/li>\n<li>Upper Material: Tek Flex<\/li>\n<li>Closure: Hook-and-loop<\/li>\n<li>Rubber: Science Friction 3.0, [rand] Science Friction R2<\/li>\n<li>Midsole: None<\/li>\n<li>Profile: Aggressive<\/li>\n<li>symmetrical Curvature: Significant<\/li>\n<\/ul>\n<\/div><\/div><\/div><\/div><\/div>\n","protected":false},"excerpt":{"rendered":"<p><strong>NHI\u1ec0U H\u01a0N V\u1edaI CHI PH\u00cd TH\u1ea4P H\u01a0N.<\/strong><br \/>\nM\u1ed9t \u0111\u00f4i gi\u00e0y c\u00f3 hi\u1ec7u su\u1ea5t cao v\u1edbi s\u1ef1 tho\u1ea3i m\u00e1i t\u1eeb c\u1ea5p \u0111\u1ed9 nh\u1eadp m\u00f4n! H\u1ed9p ng\u00f3n ch\u00e2n \u0111\u01b0\u1ee3c n\u00e9n b\u1eb1ng k\u1ef9 thu\u1eadt cho ph\u00e9p s\u1eed d\u1ee5ng \u0111\u1ebf l\u00f5m \u0111\u1ed9c quy\u1ec1n c\u1ee7a ch\u00fang t\u00f4i v\u1edbi m\u1ed9t l\u1edbp \u0111\u1ec7m b\u1ed5 sung xung quanh ng\u00f3n ch\u00e2n, t\u0103ng c\u01b0\u1eddng hi\u1ec7u su\u1ea5t v\u00e0 b\u00e1m m\u00e9p. Rover c\u0169ng c\u00f3 thi\u1ebft k\u1ebf g\u00f3t gi\u00e0y Drone \u0111\u01b0\u1ee3c c\u1ea3i ti\u1ebfn; ch\u00fang t\u00f4i \u0111\u00e3 th\u00eam nhi\u1ec1u r\u00e3nh \u0111\u1ec3 b\u1ea1n c\u00f3 th\u1ec3 n\u1eafm l\u1ea5y m\u00e9p v\u1edbi nhi\u1ec1u g\u00f3c \u0111\u1ed9 kh\u00e1c nhau. T\u1ed5ng th\u1ec3, Rover l\u00e0 m\u1ed9t \u0111\u00f4i gi\u00e0y b\u1ec1n h\u01a1n v\u00e0 s\u1ea3n xu\u1ea5t \u00edt h\u01a1n 25% ch\u1ea5t th\u1ea3i so v\u1edbi gi\u00e0y leo n\u00fai truy\u1ec1n th\u1ed1ng do thi\u1ebft k\u1ebf n\u00e9n k\u1ef9 thu\u1eadt \u0111\u1ed9c \u0111\u00e1o c\u1ee7a n\u00f3.<\/p>\n<p><img decoding=\"async\" class=\"alignnone size-full wp-image-27271\" src=\"https:\/\/pushclimbing.vn\/wp-content\/uploads\/2022\/09\/roverintro.png\" alt=\"\" width=\"750\" height=\"125\" srcset=\"https:\/\/pushclimbing.vn\/wp-content\/uploads\/2022\/09\/roverintro-18x3.png 18w, https:\/\/pushclimbing.vn\/wp-content\/uploads\/2022\/09\/roverintro-200x33.png 200w, https:\/\/pushclimbing.vn\/wp-content\/uploads\/2022\/09\/roverintro-300x50.png 300w, https:\/\/pushclimbing.vn\/wp-content\/uploads\/2022\/09\/roverintro-400x67.png 400w, https:\/\/pushclimbing.vn\/wp-content\/uploads\/2022\/09\/roverintro-600x100.png 600w, https:\/\/pushclimbing.vn\/wp-content\/uploads\/2022\/09\/roverintro-700x117.png 700w, https:\/\/pushclimbing.vn\/wp-content\/uploads\/2022\/09\/roverintro.png 750w\" sizes=\"(max-width: 750px) 100vw, 750px\" \/><\/p>","protected":false},"featured_media":25653,"comment_status":"open","ping_status":"closed","template":"","meta":{"_acf_changed":false},"product_brand":[1007],"product_cat":[1023,1024],"product_tag":[21,51,22,684],"class_list":{"0":"post-22490","1":"product","2":"type-product","3":"status-publish","4":"has-post-thumbnail","6":"product_brand-madrock","7":"product_cat-climbing","8":"product_cat-shoes","9":"product_tag-climbing-shoes","10":"product_tag-giay-leo-nui","11":"product_tag-mad-rock","12":"product_tag-rover","14":"first","15":"instock","16":"taxable","17":"shipping-taxable","18":"product-type-variable"},"acf":[],"yoast_head":"<!-- This site is optimized with the Yoast SEO plugin v27.3 - https:\/\/yoast.com\/product\/yoast-seo-wordpress\/ -->\n<title>Mad Rock Rover - Push Climbing<\/title>\n<meta name=\"robots\" content=\"index, follow, max-snippet:-1, max-image-preview:large, max-video-preview:-1\" \/>\n<link rel=\"canonical\" href=\"https:\/\/pushclimbing.vn\/vi\/san-pham\/mad-rock-rover\/\" \/>\n<meta property=\"og:locale\" content=\"vi_VN\" \/>\n<meta property=\"og:type\" content=\"article\" \/>\n<meta property=\"og:title\" content=\"Mad Rock Rover - Push Climbing\" \/>\n<meta property=\"og:description\" content=\"MORE FOR LESS. A performance-grade shoe with entry-level comfort! The compression-molded toe box allowed us to use our patented concave sole with an additional inset around the toe increasing the performance and edging. The Rover also features an improved Drone heel design; we&#039;ve added more ridges to allow you to catch edges with a wider variety of angles. Overall, the Rover is a more durable shoe that produces 25% less waste than the traditional climbing shoe due to its innovative compression molded construction.\" \/>\n<meta property=\"og:url\" content=\"https:\/\/pushclimbing.vn\/vi\/san-pham\/mad-rock-rover\/\" \/>\n<meta property=\"og:site_name\" content=\"Push Climbing\" \/>\n<meta property=\"article:publisher\" content=\"https:\/\/www.facebook.com\/pushrockclimbing\" \/>\n<meta property=\"article:modified_time\" content=\"2025-03-20T03:36:04+00:00\" \/>\n<meta property=\"og:image\" content=\"https:\/\/pushclimbing.vn\/wp-content\/uploads\/2022\/09\/r1.jpg\" \/>\n\t<meta property=\"og:image:width\" content=\"540\" \/>\n\t<meta property=\"og:image:height\" content=\"540\" \/>\n\t<meta property=\"og:image:type\" content=\"image\/jpeg\" \/>\n<meta name=\"twitter:card\" content=\"summary_large_image\" \/>\n<meta name=\"twitter:label1\" content=\"\u01af\u1edbc t\u00ednh th\u1eddi gian \u0111\u1ecdc\" \/>\n\t<meta name=\"twitter:data1\" content=\"1 ph\u00fat\" \/>\n<script type=\"application\/ld+json\" class=\"yoast-schema-graph\">{\"@context\":\"https:\\\/\\\/schema.org\",\"@graph\":[{\"@type\":\"WebPage\",\"@id\":\"https:\\\/\\\/pushclimbing.vn\\\/product\\\/mad-rock-rover\\\/\",\"url\":\"https:\\\/\\\/pushclimbing.vn\\\/product\\\/mad-rock-rover\\\/\",\"name\":\"Mad Rock Rover - Push Climbing\",\"isPartOf\":{\"@id\":\"https:\\\/\\\/pushclimbing.vn\\\/#website\"},\"primaryImageOfPage\":{\"@id\":\"https:\\\/\\\/pushclimbing.vn\\\/product\\\/mad-rock-rover\\\/#primaryimage\"},\"image\":{\"@id\":\"https:\\\/\\\/pushclimbing.vn\\\/product\\\/mad-rock-rover\\\/#primaryimage\"},\"thumbnailUrl\":\"https:\\\/\\\/pushclimbing.vn\\\/wp-content\\\/uploads\\\/2022\\\/09\\\/r1.jpg\",\"datePublished\":\"2022-09-06T03:14:27+00:00\",\"dateModified\":\"2025-03-20T03:36:04+00:00\",\"breadcrumb\":{\"@id\":\"https:\\\/\\\/pushclimbing.vn\\\/product\\\/mad-rock-rover\\\/#breadcrumb\"},\"inLanguage\":\"vi\",\"potentialAction\":[{\"@type\":\"ReadAction\",\"target\":[\"https:\\\/\\\/pushclimbing.vn\\\/product\\\/mad-rock-rover\\\/\"]}]},{\"@type\":\"ImageObject\",\"inLanguage\":\"vi\",\"@id\":\"https:\\\/\\\/pushclimbing.vn\\\/product\\\/mad-rock-rover\\\/#primaryimage\",\"url\":\"https:\\\/\\\/pushclimbing.vn\\\/wp-content\\\/uploads\\\/2022\\\/09\\\/r1.jpg\",\"contentUrl\":\"https:\\\/\\\/pushclimbing.vn\\\/wp-content\\\/uploads\\\/2022\\\/09\\\/r1.jpg\",\"width\":540,\"height\":540},{\"@type\":\"BreadcrumbList\",\"@id\":\"https:\\\/\\\/pushclimbing.vn\\\/product\\\/mad-rock-rover\\\/#breadcrumb\",\"itemListElement\":[{\"@type\":\"ListItem\",\"position\":1,\"name\":\"Home\",\"item\":\"https:\\\/\\\/pushclimbing.vn\\\/\"},{\"@type\":\"ListItem\",\"position\":2,\"name\":\"Shop\",\"item\":\"https:\\\/\\\/pushclimbing.vn\\\/shop\\\/\"},{\"@type\":\"ListItem\",\"position\":3,\"name\":\"Mad Rock Rover\"}]},{\"@type\":\"WebSite\",\"@id\":\"https:\\\/\\\/pushclimbing.vn\\\/#website\",\"url\":\"https:\\\/\\\/pushclimbing.vn\\\/\",\"name\":\"Push Climbing\",\"description\":\"Conquer Your Mountain\",\"publisher\":{\"@id\":\"https:\\\/\\\/pushclimbing.vn\\\/#organization\"},\"potentialAction\":[{\"@type\":\"SearchAction\",\"target\":{\"@type\":\"EntryPoint\",\"urlTemplate\":\"https:\\\/\\\/pushclimbing.vn\\\/?s={search_term_string}\"},\"query-input\":{\"@type\":\"PropertyValueSpecification\",\"valueRequired\":true,\"valueName\":\"search_term_string\"}}],\"inLanguage\":\"vi\"},{\"@type\":\"Organization\",\"@id\":\"https:\\\/\\\/pushclimbing.vn\\\/#organization\",\"name\":\"Push Climbing\",\"url\":\"https:\\\/\\\/pushclimbing.vn\\\/\",\"logo\":{\"@type\":\"ImageObject\",\"inLanguage\":\"vi\",\"@id\":\"https:\\\/\\\/pushclimbing.vn\\\/#\\\/schema\\\/logo\\\/image\\\/\",\"url\":\"https:\\\/\\\/pushclimbing.vn\\\/wp-content\\\/uploads\\\/2022\\\/07\\\/push-logo-canvas.png\",\"contentUrl\":\"https:\\\/\\\/pushclimbing.vn\\\/wp-content\\\/uploads\\\/2022\\\/07\\\/push-logo-canvas.png\",\"width\":400,\"height\":400,\"caption\":\"Push Climbing\"},\"image\":{\"@id\":\"https:\\\/\\\/pushclimbing.vn\\\/#\\\/schema\\\/logo\\\/image\\\/\"},\"sameAs\":[\"https:\\\/\\\/www.facebook.com\\\/pushrockclimbing\"]}]}<\/script>\n<!-- \/ Yoast SEO plugin. -->","yoast_head_json":{"title":"Mad Rock Rover - Push Climbing","robots":{"index":"index","follow":"follow","max-snippet":"max-snippet:-1","max-image-preview":"max-image-preview:large","max-video-preview":"max-video-preview:-1"},"canonical":"https:\/\/pushclimbing.vn\/vi\/san-pham\/mad-rock-rover\/","og_locale":"vi_VN","og_type":"article","og_title":"Mad Rock Rover - Push Climbing","og_description":"MORE FOR LESS. A performance-grade shoe with entry-level comfort! The compression-molded toe box allowed us to use our patented concave sole with an additional inset around the toe increasing the performance and edging. The Rover also features an improved Drone heel design; we've added more ridges to allow you to catch edges with a wider variety of angles. Overall, the Rover is a more durable shoe that produces 25% less waste than the traditional climbing shoe due to its innovative compression molded construction.","og_url":"https:\/\/pushclimbing.vn\/vi\/san-pham\/mad-rock-rover\/","og_site_name":"Push Climbing","article_publisher":"https:\/\/www.facebook.com\/pushrockclimbing","article_modified_time":"2025-03-20T03:36:04+00:00","og_image":[{"width":540,"height":540,"url":"https:\/\/pushclimbing.vn\/wp-content\/uploads\/2022\/09\/r1.jpg","type":"image\/jpeg"}],"twitter_card":"summary_large_image","twitter_misc":{"\u01af\u1edbc t\u00ednh th\u1eddi gian \u0111\u1ecdc":"1 ph\u00fat"},"schema":{"@context":"https:\/\/schema.org","@graph":[{"@type":"WebPage","@id":"https:\/\/pushclimbing.vn\/product\/mad-rock-rover\/","url":"https:\/\/pushclimbing.vn\/product\/mad-rock-rover\/","name":"Mad Rock Rover - Push Climbing","isPartOf":{"@id":"https:\/\/pushclimbing.vn\/#website"},"primaryImageOfPage":{"@id":"https:\/\/pushclimbing.vn\/product\/mad-rock-rover\/#primaryimage"},"image":{"@id":"https:\/\/pushclimbing.vn\/product\/mad-rock-rover\/#primaryimage"},"thumbnailUrl":"https:\/\/pushclimbing.vn\/wp-content\/uploads\/2022\/09\/r1.jpg","datePublished":"2022-09-06T03:14:27+00:00","dateModified":"2025-03-20T03:36:04+00:00","breadcrumb":{"@id":"https:\/\/pushclimbing.vn\/product\/mad-rock-rover\/#breadcrumb"},"inLanguage":"vi","potentialAction":[{"@type":"ReadAction","target":["https:\/\/pushclimbing.vn\/product\/mad-rock-rover\/"]}]},{"@type":"ImageObject","inLanguage":"vi","@id":"https:\/\/pushclimbing.vn\/product\/mad-rock-rover\/#primaryimage","url":"https:\/\/pushclimbing.vn\/wp-content\/uploads\/2022\/09\/r1.jpg","contentUrl":"https:\/\/pushclimbing.vn\/wp-content\/uploads\/2022\/09\/r1.jpg","width":540,"height":540},{"@type":"BreadcrumbList","@id":"https:\/\/pushclimbing.vn\/product\/mad-rock-rover\/#breadcrumb","itemListElement":[{"@type":"ListItem","position":1,"name":"Home","item":"https:\/\/pushclimbing.vn\/"},{"@type":"ListItem","position":2,"name":"Shop","item":"https:\/\/pushclimbing.vn\/shop\/"},{"@type":"ListItem","position":3,"name":"Mad Rock Rover"}]},{"@type":"WebSite","@id":"https:\/\/pushclimbing.vn\/#website","url":"https:\/\/pushclimbing.vn\/","name":"Push Climbing","description":"Conquer Your Mountain","publisher":{"@id":"https:\/\/pushclimbing.vn\/#organization"},"potentialAction":[{"@type":"SearchAction","target":{"@type":"EntryPoint","urlTemplate":"https:\/\/pushclimbing.vn\/?s={search_term_string}"},"query-input":{"@type":"PropertyValueSpecification","valueRequired":true,"valueName":"search_term_string"}}],"inLanguage":"vi"},{"@type":"Organization","@id":"https:\/\/pushclimbing.vn\/#organization","name":"Push Climbing","url":"https:\/\/pushclimbing.vn\/","logo":{"@type":"ImageObject","inLanguage":"vi","@id":"https:\/\/pushclimbing.vn\/#\/schema\/logo\/image\/","url":"https:\/\/pushclimbing.vn\/wp-content\/uploads\/2022\/07\/push-logo-canvas.png","contentUrl":"https:\/\/pushclimbing.vn\/wp-content\/uploads\/2022\/07\/push-logo-canvas.png","width":400,"height":400,"caption":"Push Climbing"},"image":{"@id":"https:\/\/pushclimbing.vn\/#\/schema\/logo\/image\/"},"sameAs":["https:\/\/www.facebook.com\/pushrockclimbing"]}]}},"_links":{"self":[{"href":"https:\/\/pushclimbing.vn\/vi\/wp-json\/wp\/v2\/product\/22490","targetHints":{"allow":["GET"]}}],"collection":[{"href":"https:\/\/pushclimbing.vn\/vi\/wp-json\/wp\/v2\/product"}],"about":[{"href":"https:\/\/pushclimbing.vn\/vi\/wp-json\/wp\/v2\/types\/product"}],"replies":[{"embeddable":true,"href":"https:\/\/pushclimbing.vn\/vi\/wp-json\/wp\/v2\/comments?post=22490"}],"wp:featuredmedia":[{"embeddable":true,"href":"https:\/\/pushclimbing.vn\/vi\/wp-json\/wp\/v2\/media\/25653"}],"wp:attachment":[{"href":"https:\/\/pushclimbing.vn\/vi\/wp-json\/wp\/v2\/media?parent=22490"}],"wp:term":[{"taxonomy":"product_brand","embeddable":true,"href":"https:\/\/pushclimbing.vn\/vi\/wp-json\/wp\/v2\/product_brand?post=22490"},{"taxonomy":"product_cat","embeddable":true,"href":"https:\/\/pushclimbing.vn\/vi\/wp-json\/wp\/v2\/product_cat?post=22490"},{"taxonomy":"product_tag","embeddable":true,"href":"https:\/\/pushclimbing.vn\/vi\/wp-json\/wp\/v2\/product_tag?post=22490"}],"curies":[{"name":"wp","href":"https:\/\/api.w.org\/{rel}","templated":true}]}}